{"id":4327,"date":"2026-01-21T11:10:05","date_gmt":"2026-01-21T11:10:05","guid":{"rendered":"https:\/\/immogo.com\/?page_id=4327"},"modified":"2026-05-04T14:29:46","modified_gmt":"2026-05-04T14:29:46","slug":"vendre-ma-maison","status":"publish","type":"page","link":"https:\/\/immogo.com\/fr\/vendre-ma-maison\/","title":{"rendered":"Vendre ma maison"},"content":{"rendered":"<div class=\"wp-block-image\">\n<figure class=\"aligncenter size-full is-resized\"><img fetchpriority=\"high\" decoding=\"async\" width=\"1024\" height=\"1024\" src=\"https:\/\/immogo.com\/wp-content\/uploads\/2026\/01\/immogo-international.jpg\" alt=\"\" class=\"wp-image-4328\" style=\"width:488px;height:auto\" srcset=\"https:\/\/immogo.com\/wp-content\/uploads\/2026\/01\/immogo-international.jpg 1024w, https:\/\/immogo.com\/wp-content\/uploads\/2026\/01\/immogo-international-300x300.jpg 300w, https:\/\/immogo.com\/wp-content\/uploads\/2026\/01\/immogo-international-150x150.jpg 150w, https:\/\/immogo.com\/wp-content\/uploads\/2026\/01\/immogo-international-768x768.jpg 768w, https:\/\/immogo.com\/wp-content\/uploads\/2026\/01\/immogo-international-250x250.jpg 250w, https:\/\/immogo.com\/wp-content\/uploads\/2026\/01\/immogo-international-800x800.jpg 800w, https:\/\/immogo.com\/wp-content\/uploads\/2026\/01\/immogo-international-100x100.jpg 100w, https:\/\/immogo.com\/wp-content\/uploads\/2026\/01\/immogo-international-310x310.jpg 310w, https:\/\/immogo.com\/wp-content\/uploads\/2026\/01\/immogo-international-105x105.jpg 105w, https:\/\/immogo.com\/wp-content\/uploads\/2026\/01\/immogo-international-600x600.jpg 600w\" sizes=\"(max-width: 1024px) 100vw, 1024px\" \/><\/figure>\n<\/div>\n\n\n<h2 class=\"wp-block-heading has-text-align-center\">Vendez sans agence et \u00e0 l&#8217;international<\/h2>\n\n\n\n<p class=\"has-text-align-center has-medium-font-size\" id=\"vendresansagence\"><strong>Immogo vous offre une large visibilit\u00e9 en ligne pour votre bien. <br>Avec un abonnement de \u20ac17 par mois vous b\u00e9n\u00e9ficiez <\/strong><br><strong>d\u2019une belle pr\u00e9sentation, avec de nombreuses photos <br>et tout l\u2019espace n\u00e9cessaire pour une description compl\u00e8te.<\/strong><\/p>\n\n\n\n<p class=\"has-text-align-center has-medium-font-size\"><strong>\u2022 Visibilit\u00e9 europ\u00e9enne en 3 langues : <\/strong><br>Votre annonce est contr\u00f4l\u00e9e par nos experts, r\u00e9dig\u00e9e si n\u00e9cessaire et traduite<br>pour attirer les acheteurs n\u00e9erlandais, belges et anglophones.<br><br><strong>\u2022 Diffusion \u00e0 plus d&#8217;un million de membres Facebook : <\/strong><br>Chaque mois, nous republions votre annonce dans la plus grande <br>communaut\u00e9 immobili\u00e8re entre particuliers sur Facebook.<br><br><strong>\u2022 100% Net vendeur et sans commission : <\/strong><br>\u00c9conomisez des milliers d&#8217;euros de frais d&#8217;agence en traitant <br>directement avec des acheteurs particuliers.<\/p>\n\n\n\n<div class=\"wp-block-buttons is-content-justification-center is-layout-flex wp-container-core-buttons-is-layout-16018d1d wp-block-buttons-is-layout-flex\">\n<div class=\"wp-block-button\"><a class=\"wp-block-button__link has-vivid-red-background-color has-background has-text-align-center has-custom-font-size wp-element-button\" href=\"https:\/\/immogo.com\/fr\/add-listing\/\" style=\"font-size:23px\">Ajoutez votre annonce maintenant<\/a><\/div>\n<\/div>\n\n\n\n<p class=\"has-text-align-center\"><strong>Ou servez-vous d&#8217;abord de notre <br><a href=\"https:\/\/immogo.com\/fr\/generateur-annonces-intelligence-artificielle\/\">GENERATEUR D&#8217;ANNONCES AVEC INTELLIGENCE ARTIFICIELLE<\/a>,<br> infus\u00e9 de toutes nos connaissances concerant la publicit\u00e9 immobili\u00e8re.<\/strong><\/p>\n\n\n\n<p><\/p>\n","protected":false},"excerpt":{"rendered":"<p>Vendez sans agence et \u00e0 l&#8217;international Immogo vous offre une large visibilit\u00e9 en ligne pour votre bien. Avec un abonnement de \u20ac17 par mois vous b\u00e9n\u00e9ficiez d\u2019une belle pr\u00e9sentation, avec de nombreuses photos et tout l\u2019espace n\u00e9cessaire pour une description compl\u00e8te. \u2022 Visibilit\u00e9 europ\u00e9enne en 3 langues : Votre annonce est contr\u00f4l\u00e9e par nos experts, [&hellip;]<\/p>\n","protected":false},"author":7,"featured_media":0,"parent":0,"menu_order":0,"comment_status":"closed","ping_status":"closed","template":"","meta":{"pmpro_default_level":"","footnotes":""},"class_list":["post-4327","page","type-page","status-publish","hentry","pmpro-has-access","beehive-post"],"yoast_head":"<!-- This site is optimized with the Yoast SEO plugin v27.6 - https:\/\/yoast.com\/product\/yoast-seo-wordpress\/ -->\n<title>Vendre ma maison - Immogo<\/title>\n<meta name=\"robots\" content=\"index, follow, max-snippet:-1, max-image-preview:large, max-video-preview:-1\" \/>\n<link rel=\"canonical\" href=\"https:\/\/immogo.com\/fr\/vendre-ma-maison\/\" \/>\n<meta property=\"og:locale\" content=\"fr_FR\" \/>\n<meta property=\"og:type\" content=\"article\" \/>\n<meta property=\"og:title\" content=\"Vendre ma maison - Immogo\" \/>\n<meta property=\"og:description\" content=\"Vendez sans agence et \u00e0 l&#8217;international Immogo vous offre une large visibilit\u00e9 en ligne pour votre bien. Avec un abonnement de \u20ac17 par mois vous b\u00e9n\u00e9ficiez d\u2019une belle pr\u00e9sentation, avec de nombreuses photos et tout l\u2019espace n\u00e9cessaire pour une description compl\u00e8te. \u2022 Visibilit\u00e9 europ\u00e9enne en 3 langues : Votre annonce est contr\u00f4l\u00e9e par nos experts, [&hellip;]\" \/>\n<meta property=\"og:url\" content=\"https:\/\/immogo.com\/fr\/vendre-ma-maison\/\" \/>\n<meta property=\"og:site_name\" content=\"Immogo\" \/>\n<meta property=\"article:modified_time\" content=\"2026-05-04T14:29:46+00:00\" \/>\n<meta property=\"og:image\" content=\"https:\/\/immogo.com\/wp-content\/uploads\/2026\/01\/immogo-international.jpg\" \/>\n<meta name=\"twitter:card\" content=\"summary_large_image\" \/>\n<meta name=\"twitter:label1\" content=\"Dur\u00e9e de lecture estim\u00e9e\" \/>\n\t<meta name=\"twitter:data1\" content=\"1 minute\" \/>\n<script type=\"application\/ld+json\" class=\"yoast-schema-graph\">{\"@context\":\"https:\\\/\\\/schema.org\",\"@graph\":[{\"@type\":\"WebPage\",\"@id\":\"https:\\\/\\\/immogo.com\\\/fr\\\/vendre-ma-maison\\\/\",\"url\":\"https:\\\/\\\/immogo.com\\\/fr\\\/vendre-ma-maison\\\/\",\"name\":\"Vendre ma maison - Immogo\",\"isPartOf\":{\"@id\":\"https:\\\/\\\/immogo.com\\\/fr\\\/#website\"},\"primaryImageOfPage\":{\"@id\":\"https:\\\/\\\/immogo.com\\\/fr\\\/vendre-ma-maison\\\/#primaryimage\"},\"image\":{\"@id\":\"https:\\\/\\\/immogo.com\\\/fr\\\/vendre-ma-maison\\\/#primaryimage\"},\"thumbnailUrl\":\"https:\\\/\\\/immogo.com\\\/wp-content\\\/uploads\\\/2026\\\/01\\\/immogo-international.jpg\",\"datePublished\":\"2026-01-21T11:10:05+00:00\",\"dateModified\":\"2026-05-04T14:29:46+00:00\",\"breadcrumb\":{\"@id\":\"https:\\\/\\\/immogo.com\\\/fr\\\/vendre-ma-maison\\\/#breadcrumb\"},\"inLanguage\":\"fr-FR\",\"potentialAction\":[{\"@type\":\"ReadAction\",\"target\":[\"https:\\\/\\\/immogo.com\\\/fr\\\/vendre-ma-maison\\\/\"]}]},{\"@type\":\"ImageObject\",\"inLanguage\":\"fr-FR\",\"@id\":\"https:\\\/\\\/immogo.com\\\/fr\\\/vendre-ma-maison\\\/#primaryimage\",\"url\":\"https:\\\/\\\/immogo.com\\\/wp-content\\\/uploads\\\/2026\\\/01\\\/immogo-international.jpg\",\"contentUrl\":\"https:\\\/\\\/immogo.com\\\/wp-content\\\/uploads\\\/2026\\\/01\\\/immogo-international.jpg\"},{\"@type\":\"BreadcrumbList\",\"@id\":\"https:\\\/\\\/immogo.com\\\/fr\\\/vendre-ma-maison\\\/#breadcrumb\",\"itemListElement\":[{\"@type\":\"ListItem\",\"position\":1,\"name\":\"Accueil\",\"item\":\"https:\\\/\\\/immogo.com\\\/fr\\\/\"},{\"@type\":\"ListItem\",\"position\":2,\"name\":\"Vendre ma maison\"}]},{\"@type\":\"WebSite\",\"@id\":\"https:\\\/\\\/immogo.com\\\/fr\\\/#website\",\"url\":\"https:\\\/\\\/immogo.com\\\/fr\\\/\",\"name\":\"Immogo\",\"description\":\"Maisons \u00e0 vendre sans agence\",\"publisher\":{\"@id\":\"https:\\\/\\\/immogo.com\\\/fr\\\/#organization\"},\"potentialAction\":[{\"@type\":\"SearchAction\",\"target\":{\"@type\":\"EntryPoint\",\"urlTemplate\":\"https:\\\/\\\/immogo.com\\\/fr\\\/?s={search_term_string}\"},\"query-input\":{\"@type\":\"PropertyValueSpecification\",\"valueRequired\":true,\"valueName\":\"search_term_string\"}}],\"inLanguage\":\"fr-FR\"},{\"@type\":\"Organization\",\"@id\":\"https:\\\/\\\/immogo.com\\\/fr\\\/#organization\",\"name\":\"Immogo\",\"url\":\"https:\\\/\\\/immogo.com\\\/fr\\\/\",\"logo\":{\"@type\":\"ImageObject\",\"inLanguage\":\"fr-FR\",\"@id\":\"https:\\\/\\\/immogo.com\\\/fr\\\/#\\\/schema\\\/logo\\\/image\\\/\",\"url\":\"https:\\\/\\\/immogo.com\\\/wp-content\\\/uploads\\\/2025\\\/01\\\/cropped-logo-2.png\",\"contentUrl\":\"https:\\\/\\\/immogo.com\\\/wp-content\\\/uploads\\\/2025\\\/01\\\/cropped-logo-2.png\",\"width\":220,\"height\":36,\"caption\":\"Immogo\"},\"image\":{\"@id\":\"https:\\\/\\\/immogo.com\\\/fr\\\/#\\\/schema\\\/logo\\\/image\\\/\"}}]}<\/script>\n<!-- \/ Yoast SEO plugin. -->","yoast_head_json":{"title":"Vendre ma maison - Immogo","robots":{"index":"index","follow":"follow","max-snippet":"max-snippet:-1","max-image-preview":"max-image-preview:large","max-video-preview":"max-video-preview:-1"},"canonical":"https:\/\/immogo.com\/fr\/vendre-ma-maison\/","og_locale":"fr_FR","og_type":"article","og_title":"Vendre ma maison - Immogo","og_description":"Vendez sans agence et \u00e0 l&#8217;international Immogo vous offre une large visibilit\u00e9 en ligne pour votre bien. Avec un abonnement de \u20ac17 par mois vous b\u00e9n\u00e9ficiez d\u2019une belle pr\u00e9sentation, avec de nombreuses photos et tout l\u2019espace n\u00e9cessaire pour une description compl\u00e8te. \u2022 Visibilit\u00e9 europ\u00e9enne en 3 langues : Votre annonce est contr\u00f4l\u00e9e par nos experts, [&hellip;]","og_url":"https:\/\/immogo.com\/fr\/vendre-ma-maison\/","og_site_name":"Immogo","article_modified_time":"2026-05-04T14:29:46+00:00","og_image":[{"url":"https:\/\/immogo.com\/wp-content\/uploads\/2026\/01\/immogo-international.jpg","type":"","width":"","height":""}],"twitter_card":"summary_large_image","twitter_misc":{"Dur\u00e9e de lecture estim\u00e9e":"1 minute"},"schema":{"@context":"https:\/\/schema.org","@graph":[{"@type":"WebPage","@id":"https:\/\/immogo.com\/fr\/vendre-ma-maison\/","url":"https:\/\/immogo.com\/fr\/vendre-ma-maison\/","name":"Vendre ma maison - Immogo","isPartOf":{"@id":"https:\/\/immogo.com\/fr\/#website"},"primaryImageOfPage":{"@id":"https:\/\/immogo.com\/fr\/vendre-ma-maison\/#primaryimage"},"image":{"@id":"https:\/\/immogo.com\/fr\/vendre-ma-maison\/#primaryimage"},"thumbnailUrl":"https:\/\/immogo.com\/wp-content\/uploads\/2026\/01\/immogo-international.jpg","datePublished":"2026-01-21T11:10:05+00:00","dateModified":"2026-05-04T14:29:46+00:00","breadcrumb":{"@id":"https:\/\/immogo.com\/fr\/vendre-ma-maison\/#breadcrumb"},"inLanguage":"fr-FR","potentialAction":[{"@type":"ReadAction","target":["https:\/\/immogo.com\/fr\/vendre-ma-maison\/"]}]},{"@type":"ImageObject","inLanguage":"fr-FR","@id":"https:\/\/immogo.com\/fr\/vendre-ma-maison\/#primaryimage","url":"https:\/\/immogo.com\/wp-content\/uploads\/2026\/01\/immogo-international.jpg","contentUrl":"https:\/\/immogo.com\/wp-content\/uploads\/2026\/01\/immogo-international.jpg"},{"@type":"BreadcrumbList","@id":"https:\/\/immogo.com\/fr\/vendre-ma-maison\/#breadcrumb","itemListElement":[{"@type":"ListItem","position":1,"name":"Accueil","item":"https:\/\/immogo.com\/fr\/"},{"@type":"ListItem","position":2,"name":"Vendre ma maison"}]},{"@type":"WebSite","@id":"https:\/\/immogo.com\/fr\/#website","url":"https:\/\/immogo.com\/fr\/","name":"Immogo","description":"Maisons \u00e0 vendre sans agence","publisher":{"@id":"https:\/\/immogo.com\/fr\/#organization"},"potentialAction":[{"@type":"SearchAction","target":{"@type":"EntryPoint","urlTemplate":"https:\/\/immogo.com\/fr\/?s={search_term_string}"},"query-input":{"@type":"PropertyValueSpecification","valueRequired":true,"valueName":"search_term_string"}}],"inLanguage":"fr-FR"},{"@type":"Organization","@id":"https:\/\/immogo.com\/fr\/#organization","name":"Immogo","url":"https:\/\/immogo.com\/fr\/","logo":{"@type":"ImageObject","inLanguage":"fr-FR","@id":"https:\/\/immogo.com\/fr\/#\/schema\/logo\/image\/","url":"https:\/\/immogo.com\/wp-content\/uploads\/2025\/01\/cropped-logo-2.png","contentUrl":"https:\/\/immogo.com\/wp-content\/uploads\/2025\/01\/cropped-logo-2.png","width":220,"height":36,"caption":"Immogo"},"image":{"@id":"https:\/\/immogo.com\/fr\/#\/schema\/logo\/image\/"}}]}},"_links":{"self":[{"href":"https:\/\/immogo.com\/fr\/wp-json\/wp\/v2\/pages\/4327","targetHints":{"allow":["GET"]}}],"collection":[{"href":"https:\/\/immogo.com\/fr\/wp-json\/wp\/v2\/pages"}],"about":[{"href":"https:\/\/immogo.com\/fr\/wp-json\/wp\/v2\/types\/page"}],"author":[{"embeddable":true,"href":"https:\/\/immogo.com\/fr\/wp-json\/wp\/v2\/users\/7"}],"replies":[{"embeddable":true,"href":"https:\/\/immogo.com\/fr\/wp-json\/wp\/v2\/comments?post=4327"}],"version-history":[{"count":0,"href":"https:\/\/immogo.com\/fr\/wp-json\/wp\/v2\/pages\/4327\/revisions"}],"wp:attachment":[{"href":"https:\/\/immogo.com\/fr\/wp-json\/wp\/v2\/media?parent=4327"}],"curies":[{"name":"wp","href":"https:\/\/api.w.org\/{rel}","templated":true}]}}